{"id":26001,"date":"2021-02-23T23:01:34","date_gmt":"2021-02-23T23:01:34","guid":{"rendered":"https:\/\/www.ispa.pt\/educacao\/"},"modified":"2025-11-10T16:54:56","modified_gmt":"2025-11-10T16:54:56","slug":"school-of-education","status":"publish","type":"page","link":"https:\/\/www.ispa.pt\/en\/school-of-education\/","title":{"rendered":"School of Education"},"content":{"rendered":"\n<p class=\"has-medium-font-size\">Bachelor&#8217;s Degree<\/p>\n\n\n\n<p>Master&#8217;s Degree<\/p>\n\n\n\n<p>Doctorate<\/p>\n\n\n\n<p>Ispa&#8217;s Education courses prepare students for effective learning environments and contribute to promoting quality education that has an impact on society.<\/p>\n\n\n\n<p class=\"has-medium-font-size\">Apply now<\/p>\n\n\n\n<p class=\"has-medium-font-size\"><\/p>\n\n\n\n<p><\/p>\n","protected":false},"excerpt":{"rendered":"Bachelor&#8217;s Degree Master&#8217;s Degree Doctorate Ispa&#8217;s Education courses prepare students for effective learning environments and contribute to promoting quality education that has an impact on society. Apply now","protected":false},"author":2,"featured_media":21746,"parent":0,"menu_order":64,"comment_status":"closed","ping_status":"closed","template":"templates\/escola-de-educacao.php","meta":{"_acf_changed":false,"inline_featured_image":false,"_monsterinsights_skip_tracking":false,"_monsterinsights_sitenote_active":false,"_monsterinsights_sitenote_note":"","_monsterinsights_sitenote_category":0,"_uf_show_specific_survey":0,"_uf_disable_surveys":false,"footnotes":""},"class_list":["post-26001","page","type-page","status-publish","has-post-thumbnail","hentry"],"acf":[],"yoast_head":"<!-- This site is optimized with the Yoast SEO plugin v26.1.1 - https:\/\/yoast.com\/wordpress\/plugins\/seo\/ -->\n<title>School of Education - Ispa \u2013 Instituto Universit\u00e1rio<\/title>\n<meta name=\"robots\" content=\"index, follow, max-snippet:-1, max-image-preview:large, max-video-preview:-1\" \/>\n<link rel=\"canonical\" href=\"https:\/\/www.ispa.pt\/en\/school-of-education\/\" \/>\n<meta property=\"og:locale\" content=\"en_US\" \/>\n<meta property=\"og:type\" content=\"article\" \/>\n<meta property=\"og:title\" content=\"School of Education - Ispa \u2013 Instituto Universit\u00e1rio\" \/>\n<meta property=\"og:description\" content=\"Bachelor&#8217;s Degree Master&#8217;s Degree Doctorate Ispa&#8217;s Education courses prepare students for effective learning environments and contribute to promoting quality education that has an impact on society. Apply now\" \/>\n<meta property=\"og:url\" content=\"https:\/\/www.ispa.pt\/en\/school-of-education\/\" \/>\n<meta property=\"og:site_name\" content=\"Ispa \u2013 Instituto Universit\u00e1rio\" \/>\n<meta property=\"article:modified_time\" content=\"2025-11-10T16:54:56+00:00\" \/>\n<meta property=\"og:image\" content=\"https:\/\/www.ispa.pt\/wp-content\/uploads\/2024\/10\/HEADER_Escola-Educacao.png\" \/>\n\t<meta property=\"og:image:width\" content=\"1774\" \/>\n\t<meta property=\"og:image:height\" content=\"1044\" \/>\n\t<meta property=\"og:image:type\" content=\"image\/png\" \/>\n<meta name=\"twitter:card\" content=\"summary_large_image\" \/>\n<meta name=\"twitter:label1\" content=\"Est. reading time\" \/>\n\t<meta name=\"twitter:data1\" content=\"1 minute\" \/>\n<script type=\"application\/ld+json\" class=\"yoast-schema-graph\">{\"@context\":\"https:\/\/schema.org\",\"@graph\":[{\"@type\":\"WebPage\",\"@id\":\"https:\/\/www.ispa.pt\/en\/school-of-education\/\",\"url\":\"https:\/\/www.ispa.pt\/en\/school-of-education\/\",\"name\":\"School of Education - Ispa \u2013 Instituto Universit\u00e1rio\",\"isPartOf\":{\"@id\":\"https:\/\/www.ispa.pt\/en\/#website\"},\"primaryImageOfPage\":{\"@id\":\"https:\/\/www.ispa.pt\/en\/school-of-education\/#primaryimage\"},\"image\":{\"@id\":\"https:\/\/www.ispa.pt\/en\/school-of-education\/#primaryimage\"},\"thumbnailUrl\":\"https:\/\/www.ispa.pt\/wp-content\/uploads\/2024\/10\/HEADER_Escola-Educacao.png\",\"datePublished\":\"2021-02-23T23:01:34+00:00\",\"dateModified\":\"2025-11-10T16:54:56+00:00\",\"breadcrumb\":{\"@id\":\"https:\/\/www.ispa.pt\/en\/school-of-education\/#breadcrumb\"},\"inLanguage\":\"en-US\",\"potentialAction\":[{\"@type\":\"ReadAction\",\"target\":[\"https:\/\/www.ispa.pt\/en\/school-of-education\/\"]}]},{\"@type\":\"ImageObject\",\"inLanguage\":\"en-US\",\"@id\":\"https:\/\/www.ispa.pt\/en\/school-of-education\/#primaryimage\",\"url\":\"https:\/\/www.ispa.pt\/wp-content\/uploads\/2024\/10\/HEADER_Escola-Educacao.png\",\"contentUrl\":\"https:\/\/www.ispa.pt\/wp-content\/uploads\/2024\/10\/HEADER_Escola-Educacao.png\",\"width\":1774,\"height\":1044},{\"@type\":\"BreadcrumbList\",\"@id\":\"https:\/\/www.ispa.pt\/en\/school-of-education\/#breadcrumb\",\"itemListElement\":[{\"@type\":\"ListItem\",\"position\":1,\"name\":\"Home\",\"item\":\"https:\/\/www.ispa.pt\/en\/\"},{\"@type\":\"ListItem\",\"position\":2,\"name\":\"School of Education\"}]},{\"@type\":\"WebSite\",\"@id\":\"https:\/\/www.ispa.pt\/en\/#website\",\"url\":\"https:\/\/www.ispa.pt\/en\/\",\"name\":\"Ispa \u2013 Instituto Universit\u00e1rio\",\"description\":\"Institui\u00e7\u00e3o de refer\u00eancia nas \u00e1reas da Psicologia, Bioci\u00eancia e Educa\u00e7\u00e3o.\",\"publisher\":{\"@id\":\"https:\/\/www.ispa.pt\/en\/#organization\"},\"potentialAction\":[{\"@type\":\"SearchAction\",\"target\":{\"@type\":\"EntryPoint\",\"urlTemplate\":\"https:\/\/www.ispa.pt\/en\/?s={search_term_string}\"},\"query-input\":{\"@type\":\"PropertyValueSpecification\",\"valueRequired\":true,\"valueName\":\"search_term_string\"}}],\"inLanguage\":\"en-US\"},{\"@type\":\"Organization\",\"@id\":\"https:\/\/www.ispa.pt\/en\/#organization\",\"name\":\"Ispa \u2013 Instituto Universit\u00e1rio\",\"url\":\"https:\/\/www.ispa.pt\/en\/\",\"logo\":{\"@type\":\"ImageObject\",\"inLanguage\":\"en-US\",\"@id\":\"https:\/\/www.ispa.pt\/en\/#\/schema\/logo\/image\/\",\"url\":\"https:\/\/www.ispa.pt\/wp-content\/uploads\/2020\/03\/logo.svg\",\"contentUrl\":\"https:\/\/www.ispa.pt\/wp-content\/uploads\/2020\/03\/logo.svg\",\"width\":206,\"height\":72,\"caption\":\"Ispa \u2013 Instituto Universit\u00e1rio\"},\"image\":{\"@id\":\"https:\/\/www.ispa.pt\/en\/#\/schema\/logo\/image\/\"}}]}<\/script>\n<!-- \/ Yoast SEO plugin. -->","yoast_head_json":{"title":"School of Education - Ispa \u2013 Instituto Universit\u00e1rio","robots":{"index":"index","follow":"follow","max-snippet":"max-snippet:-1","max-image-preview":"max-image-preview:large","max-video-preview":"max-video-preview:-1"},"canonical":"https:\/\/www.ispa.pt\/en\/school-of-education\/","og_locale":"en_US","og_type":"article","og_title":"School of Education - Ispa \u2013 Instituto Universit\u00e1rio","og_description":"Bachelor&#8217;s Degree Master&#8217;s Degree Doctorate Ispa&#8217;s Education courses prepare students for effective learning environments and contribute to promoting quality education that has an impact on society. Apply now","og_url":"https:\/\/www.ispa.pt\/en\/school-of-education\/","og_site_name":"Ispa \u2013 Instituto Universit\u00e1rio","article_modified_time":"2025-11-10T16:54:56+00:00","og_image":[{"width":1774,"height":1044,"url":"https:\/\/www.ispa.pt\/wp-content\/uploads\/2024\/10\/HEADER_Escola-Educacao.png","type":"image\/png"}],"twitter_card":"summary_large_image","twitter_misc":{"Est. reading time":"1 minute"},"schema":{"@context":"https:\/\/schema.org","@graph":[{"@type":"WebPage","@id":"https:\/\/www.ispa.pt\/en\/school-of-education\/","url":"https:\/\/www.ispa.pt\/en\/school-of-education\/","name":"School of Education - Ispa \u2013 Instituto Universit\u00e1rio","isPartOf":{"@id":"https:\/\/www.ispa.pt\/en\/#website"},"primaryImageOfPage":{"@id":"https:\/\/www.ispa.pt\/en\/school-of-education\/#primaryimage"},"image":{"@id":"https:\/\/www.ispa.pt\/en\/school-of-education\/#primaryimage"},"thumbnailUrl":"https:\/\/www.ispa.pt\/wp-content\/uploads\/2024\/10\/HEADER_Escola-Educacao.png","datePublished":"2021-02-23T23:01:34+00:00","dateModified":"2025-11-10T16:54:56+00:00","breadcrumb":{"@id":"https:\/\/www.ispa.pt\/en\/school-of-education\/#breadcrumb"},"inLanguage":"en-US","potentialAction":[{"@type":"ReadAction","target":["https:\/\/www.ispa.pt\/en\/school-of-education\/"]}]},{"@type":"ImageObject","inLanguage":"en-US","@id":"https:\/\/www.ispa.pt\/en\/school-of-education\/#primaryimage","url":"https:\/\/www.ispa.pt\/wp-content\/uploads\/2024\/10\/HEADER_Escola-Educacao.png","contentUrl":"https:\/\/www.ispa.pt\/wp-content\/uploads\/2024\/10\/HEADER_Escola-Educacao.png","width":1774,"height":1044},{"@type":"BreadcrumbList","@id":"https:\/\/www.ispa.pt\/en\/school-of-education\/#breadcrumb","itemListElement":[{"@type":"ListItem","position":1,"name":"Home","item":"https:\/\/www.ispa.pt\/en\/"},{"@type":"ListItem","position":2,"name":"School of Education"}]},{"@type":"WebSite","@id":"https:\/\/www.ispa.pt\/en\/#website","url":"https:\/\/www.ispa.pt\/en\/","name":"Ispa \u2013 Instituto Universit\u00e1rio","description":"Institui\u00e7\u00e3o de refer\u00eancia nas \u00e1reas da Psicologia, Bioci\u00eancia e Educa\u00e7\u00e3o.","publisher":{"@id":"https:\/\/www.ispa.pt\/en\/#organization"},"potentialAction":[{"@type":"SearchAction","target":{"@type":"EntryPoint","urlTemplate":"https:\/\/www.ispa.pt\/en\/?s={search_term_string}"},"query-input":{"@type":"PropertyValueSpecification","valueRequired":true,"valueName":"search_term_string"}}],"inLanguage":"en-US"},{"@type":"Organization","@id":"https:\/\/www.ispa.pt\/en\/#organization","name":"Ispa \u2013 Instituto Universit\u00e1rio","url":"https:\/\/www.ispa.pt\/en\/","logo":{"@type":"ImageObject","inLanguage":"en-US","@id":"https:\/\/www.ispa.pt\/en\/#\/schema\/logo\/image\/","url":"https:\/\/www.ispa.pt\/wp-content\/uploads\/2020\/03\/logo.svg","contentUrl":"https:\/\/www.ispa.pt\/wp-content\/uploads\/2020\/03\/logo.svg","width":206,"height":72,"caption":"Ispa \u2013 Instituto Universit\u00e1rio"},"image":{"@id":"https:\/\/www.ispa.pt\/en\/#\/schema\/logo\/image\/"}}]}},"_links":{"self":[{"href":"https:\/\/www.ispa.pt\/en\/wp-json\/wp\/v2\/pages\/26001","targetHints":{"allow":["GET"]}}],"collection":[{"href":"https:\/\/www.ispa.pt\/en\/wp-json\/wp\/v2\/pages"}],"about":[{"href":"https:\/\/www.ispa.pt\/en\/wp-json\/wp\/v2\/types\/page"}],"author":[{"embeddable":true,"href":"https:\/\/www.ispa.pt\/en\/wp-json\/wp\/v2\/users\/2"}],"replies":[{"embeddable":true,"href":"https:\/\/www.ispa.pt\/en\/wp-json\/wp\/v2\/comments?post=26001"}],"version-history":[{"count":3,"href":"https:\/\/www.ispa.pt\/en\/wp-json\/wp\/v2\/pages\/26001\/revisions"}],"predecessor-version":[{"id":26212,"href":"https:\/\/www.ispa.pt\/en\/wp-json\/wp\/v2\/pages\/26001\/revisions\/26212"}],"wp:featuredmedia":[{"embeddable":true,"href":"https:\/\/www.ispa.pt\/en\/wp-json\/wp\/v2\/media\/21746"}],"wp:attachment":[{"href":"https:\/\/www.ispa.pt\/en\/wp-json\/wp\/v2\/media?parent=26001"}],"curies":[{"name":"wp","href":"https:\/\/api.w.org\/{rel}","templated":true}]}}