{"id":25915,"date":"2023-11-28T14:55:04","date_gmt":"2023-11-28T14:55:04","guid":{"rendered":"https:\/\/www.ispa.pt\/unidades-de-investigacao-2\/"},"modified":"2025-11-03T17:25:20","modified_gmt":"2025-11-03T17:25:20","slug":"research-units","status":"publish","type":"page","link":"https:\/\/www.ispa.pt\/en\/research-units\/","title":{"rendered":"Research Units"},"content":{"rendered":"\n<p class=\"has-medium-font-size\"><strong>Research at Ispa \u2013 University Institute is organised into four research units, where all our faculty members develop their scientific activity.<\/strong><\/p>\n\n\n\n<h2 class=\"wp-block-heading\"><\/h2>\n\n\n\n<!-- EXPAND -->\n\n\t\n\t\t<a href=\"#\" class=\"expand-header js-expand\">\n\t\t\t<div class=\"expand-header-text\">\n\t\t\t\t<h2 class=\"expand-block--title\">WJCR &#8211; William James Center for Research<\/h2>\n\t\t\t<\/div>\n\t\t<\/a>\n\t\t<div class=\"expand-body js-expand-content\">\n\t\t\t<div class=\"expand-body-content\">\n\t\t\t\t<p><a href=\"https:\/\/williamjamescr.org\/\"><img fetchpriority=\"high\" decoding=\"async\" fetchpriority=\"high\" width=\"760\" height=\"760\" class=\"alignnone size-full wp-image-4070\" src=\"https:\/\/www.ispa.pt\/wp-content\/uploads\/2021\/03\/ISPA-WJCR.jpg\" alt=\"\" srcset=\"https:\/\/www.ispa.pt\/wp-content\/uploads\/2021\/03\/ISPA-WJCR.jpg 760w, https:\/\/www.ispa.pt\/wp-content\/uploads\/2021\/03\/ISPA-WJCR-450x450.jpg 450w\" sizes=\"(max-width: 760px) 100vw, 760px\" \/><\/a><\/p>\n<p>The William James Center for Research seeks to integrate fundamental research in Psychology with its applications, developing its activity across four main areas: cognition, social cognition and body odours, health psychology, and social development. Rated Excellent by the Portuguese Foundation for Science and Technology, this R&amp;D Unit, founded in 2015, ranks among the top five Psychology research units in Portugal.<\/p>\n<p><a href=\"https:\/\/williamjamescr.org\/\">Learn more<\/a><\/p>\n\t\t\t\t\n\t\t\t\t<!-- Plano de estudos -->\n\t\t\t\t\n\t\t\t<\/div>\n\t\t<\/div>\n\t\t\n\t\n\n\n\n<hr class=\"wp-block-separator has-css-opacity\"\/>\n\n\n\n<!-- EXPAND -->\n\n\t\n\t\t<a href=\"#\" class=\"expand-header js-expand\">\n\t\t\t<div class=\"expand-header-text\">\n\t\t\t\t<h2 class=\"expand-block--title\">MARE \u2013 Marine and Environmental Sciences Centre<\/h2>\n\t\t\t<\/div>\n\t\t<\/a>\n\t\t<div class=\"expand-body js-expand-content\">\n\t\t\t<div class=\"expand-body-content\">\n\t\t\t\t<p><img loading=\"lazy\" decoding=\"async\" width=\"760\" height=\"760\" class=\"alignnone size-full wp-image-4072\" src=\"https:\/\/www.ispa.pt\/wp-content\/uploads\/2021\/03\/ISPA-MARE.jpg\" alt=\"\" srcset=\"https:\/\/www.ispa.pt\/wp-content\/uploads\/2021\/03\/ISPA-MARE.jpg 760w, https:\/\/www.ispa.pt\/wp-content\/uploads\/2021\/03\/ISPA-MARE-450x450.jpg 450w\" sizes=\"(max-width: 760px) 100vw, 760px\" \/><\/p>\n<p>Ispa is part of the largest Marine Biology R&amp;D Unit in Portugal, a consortium involving seven universities nationwide (Ispa \u2013 University Institute, University of Lisbon, University of Coimbra, University of the Azores, University of \u00c9vora, NOVA University Lisbon, and University of Madeira).<\/p>\n<p>As a centre for research and technological innovation that studies all types of marine ecosystems, it develops its activities with a focus on addressing societal problems and challenges. MARE has been rated Excellent by the Portuguese Foundation for Science and Technology (FCT).<\/p>\n<p><a href=\"https:\/\/investigacao.ispa.pt\/pagina\/mare\">Learn more<\/a><\/p>\n\t\t\t\t\n\t\t\t\t<!-- Plano de estudos -->\n\t\t\t\t\n\t\t\t<\/div>\n\t\t<\/div>\n\t\t\n\t\n\n\n\n<hr class=\"wp-block-separator has-css-opacity\"\/>\n\n\n\n<!-- EXPAND -->\n\n\t\n\t\t<a href=\"#\" class=\"expand-header js-expand\">\n\t\t\t<div class=\"expand-header-text\">\n\t\t\t\t<h2 class=\"expand-block--title\">APPsyCI \u2013 Applied Psychology Research Center Capabilities &amp; Inclusion<\/h2>\n\t\t\t<\/div>\n\t\t<\/a>\n\t\t<div class=\"expand-body js-expand-content\">\n\t\t\t<div class=\"expand-body-content\">\n\t\t\t\t<p><img loading=\"lazy\" decoding=\"async\" width=\"760\" height=\"760\" class=\"alignnone size-full wp-image-4068\" src=\"https:\/\/www.ispa.pt\/wp-content\/uploads\/2021\/03\/ISPA-APPSYCI.jpg\" alt=\"\" srcset=\"https:\/\/www.ispa.pt\/wp-content\/uploads\/2021\/03\/ISPA-APPSYCI.jpg 760w, https:\/\/www.ispa.pt\/wp-content\/uploads\/2021\/03\/ISPA-APPSYCI-450x450.jpg 450w\" sizes=\"(max-width: 760px) 100vw, 760px\" \/><\/p>\n<p>This R&amp;D Unit promotes research in areas of Applied Psychology that foster solutions to complex societal problems.<\/p>\n<p>APPsyCI seeks to explore opportunities for innovation and productive interactions between research and intervention, promoting collaboration between public and private stakeholders.<\/p>\n<p><a href=\"https:\/\/www.appsyci.pt\/\">Learn more<\/a><\/p>\n\t\t\t\t\n\t\t\t\t<!-- Plano de estudos -->\n\t\t\t\t\n\t\t\t<\/div>\n\t\t<\/div>\n\t\t\n\t\n\n\n\n<hr class=\"wp-block-separator has-css-opacity\"\/>\n\n\n\n<!-- EXPAND -->\n\n\t\n\t\t<a href=\"#\" class=\"expand-header js-expand\">\n\t\t\t<div class=\"expand-header-text\">\n\t\t\t\t<h2 class=\"expand-block--title\">Interdisciplinary Research Center in Education (EDUNOVA.ISPA)<\/h2>\n\t\t\t<\/div>\n\t\t<\/a>\n\t\t<div class=\"expand-body js-expand-content\">\n\t\t\t<div class=\"expand-body-content\">\n\t\t\t\t<p><img loading=\"lazy\" decoding=\"async\" loading=\"lazy\" width=\"760\" height=\"760\" class=\"alignnone size-full wp-image-4066\" src=\"https:\/\/www.ispa.pt\/wp-content\/uploads\/2021\/03\/ISPA-CIE.jpg\" alt=\"\" srcset=\"https:\/\/www.ispa.pt\/wp-content\/uploads\/2021\/03\/ISPA-CIE.jpg 760w, https:\/\/www.ispa.pt\/wp-content\/uploads\/2021\/03\/ISPA-CIE-450x450.jpg 450w\" sizes=\"auto, (max-width: 760px) 100vw, 760px\" \/><\/p>\n<p>EDUNOVA. ISPA, a collaborative consortium between Ispa, Nova FCT, and Nova FCSH, has as its motto \u201cBuilding Bridges in Education Research: From Learners to Systems and from Diversity to Inclusion,\u201d dedicating itself to two scientific domains: Processes and Practices in Education (SD1) and Ideas, Policies, and Social Change in Education (SD2). Each domain comprises two thematic areas. SD1 includes research on Learning Contexts, Processes, and Literacies (TA1) and Educational Knowledge and Professional Cultures of Teachers (TA2). SD2 brings together research on Educational Systems and School Organization (TA3) and Diversity and Inclusion: Curriculum, Pedagogical Practices, and Assessment (TA4).<\/p>\n<p>TA1 investigates learning environments, literacy acquisition, parental involvement, and new literacies. More specifically, it investigates student motivation, the effects of programs on literacy acquisition, advances in educational robotics, and education on biodiversity, geodiversity, and socio-scientific issues.<\/p>\n<p>TA2 focuses on the study of teacher professional development, teacher identity, digital pedagogy, and school organizational climate, with research topics including teacher well-being, resilience, and the effective use of formative assessment and feedback.<\/p>\n<p>TA3 focuses research on education systems, public policies, collaborative networks, and methods for promoting diversity and inclusion. Specific topics include improving data collection methods and innovative approaches to educational data analysis and exploring the effectiveness of pedagogical strategies in supporting second language acquisition by migrant students.<\/p>\n<p>TA4 focuses on addressing school inequalities, pedagogical differentiation, school segregation mechanisms, and inclusive education policies and practices. The research aims to deepen understanding of teachers&#8217; differentiated teaching practices, investigate migrant students&#8217; sense of belonging, and explore school-level factors that predict academic performance and school retention.<\/p>\n<p>EDUNOVA.ISPA aims to strengthen education research by bringing together micro and macro approaches, theory and practice, and the legacies of the past and challenges of the future. It uses a rigorous scientific protocol that encompasses problem-centered research, conceptual clarity, empirical research, diversity of methodologies, and comparative analysis. Committed to strengthening research, it actively seeks funding opportunities and prioritizes knowledge transfer through advanced training programs and dissemination through various channels, while intensifying international cooperation.<\/p>\n<p>&nbsp;<\/p>\n<p><a href=\"https:\/\/www.edunova-ispa.org\/\">Learn more<\/a><\/p>\n<p>&nbsp;<\/p>\n\t\t\t\t\n\t\t\t\t<!-- Plano de estudos -->\n\t\t\t\t\n\t\t\t<\/div>\n\t\t<\/div>\n\t\t\n\t\n","protected":false},"excerpt":{"rendered":"Research at Ispa \u2013 University Institute is organised into four research units, where all our faculty members develop their scientific activity.","protected":false},"author":22,"featured_media":0,"parent":0,"menu_order":25,"comment_status":"closed","ping_status":"closed","template":"","meta":{"_acf_changed":false,"inline_featured_image":false,"_monsterinsights_skip_tracking":false,"_monsterinsights_sitenote_active":false,"_monsterinsights_sitenote_note":"","_monsterinsights_sitenote_category":0,"_uf_show_specific_survey":0,"_uf_disable_surveys":false,"footnotes":""},"class_list":["post-25915","page","type-page","status-publish","hentry"],"acf":[],"yoast_head":"<!-- This site is optimized with the Yoast SEO plugin v26.1.1 - https:\/\/yoast.com\/wordpress\/plugins\/seo\/ -->\n<title>Research Units - Ispa \u2013 Instituto Universit\u00e1rio<\/title>\n<meta name=\"description\" content=\"Unidades de Investiga\u00e7\u00e3o Ispa - A investiga\u00e7\u00e3o no Ispa \u2013 Instituto Universit\u00e1rio est\u00e1 dividida por quatro unidades de investiga\u00e7\u00e3o, onde todos os nossos docentes desenvolvem a sua atividade cient\u00edfica.\" \/>\n<meta name=\"robots\" content=\"index, follow, max-snippet:-1, max-image-preview:large, max-video-preview:-1\" \/>\n<link rel=\"canonical\" href=\"https:\/\/www.ispa.pt\/en\/research-units\/\" \/>\n<meta property=\"og:locale\" content=\"en_US\" \/>\n<meta property=\"og:type\" content=\"article\" \/>\n<meta property=\"og:title\" content=\"Research Units - Ispa \u2013 Instituto Universit\u00e1rio\" \/>\n<meta property=\"og:description\" content=\"Unidades de Investiga\u00e7\u00e3o Ispa - A investiga\u00e7\u00e3o no Ispa \u2013 Instituto Universit\u00e1rio est\u00e1 dividida por quatro unidades de investiga\u00e7\u00e3o, onde todos os nossos docentes desenvolvem a sua atividade cient\u00edfica.\" \/>\n<meta property=\"og:url\" content=\"https:\/\/www.ispa.pt\/en\/research-units\/\" \/>\n<meta property=\"og:site_name\" content=\"Ispa \u2013 Instituto Universit\u00e1rio\" \/>\n<meta property=\"article:modified_time\" content=\"2025-11-03T17:25:20+00:00\" \/>\n<meta name=\"twitter:card\" content=\"summary_large_image\" \/>\n<meta name=\"twitter:label1\" content=\"Est. reading time\" \/>\n\t<meta name=\"twitter:data1\" content=\"1 minute\" \/>\n<script type=\"application\/ld+json\" class=\"yoast-schema-graph\">{\"@context\":\"https:\/\/schema.org\",\"@graph\":[{\"@type\":\"WebPage\",\"@id\":\"https:\/\/www.ispa.pt\/en\/research-units\/\",\"url\":\"https:\/\/www.ispa.pt\/en\/research-units\/\",\"name\":\"Research Units - Ispa \u2013 Instituto Universit\u00e1rio\",\"isPartOf\":{\"@id\":\"https:\/\/www.ispa.pt\/en\/#website\"},\"datePublished\":\"2023-11-28T14:55:04+00:00\",\"dateModified\":\"2025-11-03T17:25:20+00:00\",\"description\":\"Unidades de Investiga\u00e7\u00e3o Ispa - A investiga\u00e7\u00e3o no Ispa \u2013 Instituto Universit\u00e1rio est\u00e1 dividida por quatro unidades de investiga\u00e7\u00e3o, onde todos os nossos docentes desenvolvem a sua atividade cient\u00edfica.\",\"breadcrumb\":{\"@id\":\"https:\/\/www.ispa.pt\/en\/research-units\/#breadcrumb\"},\"inLanguage\":\"en-US\",\"potentialAction\":[{\"@type\":\"ReadAction\",\"target\":[\"https:\/\/www.ispa.pt\/en\/research-units\/\"]}]},{\"@type\":\"BreadcrumbList\",\"@id\":\"https:\/\/www.ispa.pt\/en\/research-units\/#breadcrumb\",\"itemListElement\":[{\"@type\":\"ListItem\",\"position\":1,\"name\":\"Home\",\"item\":\"https:\/\/www.ispa.pt\/en\/\"},{\"@type\":\"ListItem\",\"position\":2,\"name\":\"Research Units\"}]},{\"@type\":\"WebSite\",\"@id\":\"https:\/\/www.ispa.pt\/en\/#website\",\"url\":\"https:\/\/www.ispa.pt\/en\/\",\"name\":\"Ispa \u2013 Instituto Universit\u00e1rio\",\"description\":\"Institui\u00e7\u00e3o de refer\u00eancia nas \u00e1reas da Psicologia, Bioci\u00eancia e Educa\u00e7\u00e3o.\",\"publisher\":{\"@id\":\"https:\/\/www.ispa.pt\/en\/#organization\"},\"potentialAction\":[{\"@type\":\"SearchAction\",\"target\":{\"@type\":\"EntryPoint\",\"urlTemplate\":\"https:\/\/www.ispa.pt\/en\/?s={search_term_string}\"},\"query-input\":{\"@type\":\"PropertyValueSpecification\",\"valueRequired\":true,\"valueName\":\"search_term_string\"}}],\"inLanguage\":\"en-US\"},{\"@type\":\"Organization\",\"@id\":\"https:\/\/www.ispa.pt\/en\/#organization\",\"name\":\"Ispa \u2013 Instituto Universit\u00e1rio\",\"url\":\"https:\/\/www.ispa.pt\/en\/\",\"logo\":{\"@type\":\"ImageObject\",\"inLanguage\":\"en-US\",\"@id\":\"https:\/\/www.ispa.pt\/en\/#\/schema\/logo\/image\/\",\"url\":\"https:\/\/www.ispa.pt\/wp-content\/uploads\/2020\/03\/logo.svg\",\"contentUrl\":\"https:\/\/www.ispa.pt\/wp-content\/uploads\/2020\/03\/logo.svg\",\"width\":206,\"height\":72,\"caption\":\"Ispa \u2013 Instituto Universit\u00e1rio\"},\"image\":{\"@id\":\"https:\/\/www.ispa.pt\/en\/#\/schema\/logo\/image\/\"}}]}<\/script>\n<!-- \/ Yoast SEO plugin. -->","yoast_head_json":{"title":"Research Units - Ispa \u2013 Instituto Universit\u00e1rio","description":"Unidades de Investiga\u00e7\u00e3o Ispa - A investiga\u00e7\u00e3o no Ispa \u2013 Instituto Universit\u00e1rio est\u00e1 dividida por quatro unidades de investiga\u00e7\u00e3o, onde todos os nossos docentes desenvolvem a sua atividade cient\u00edfica.","robots":{"index":"index","follow":"follow","max-snippet":"max-snippet:-1","max-image-preview":"max-image-preview:large","max-video-preview":"max-video-preview:-1"},"canonical":"https:\/\/www.ispa.pt\/en\/research-units\/","og_locale":"en_US","og_type":"article","og_title":"Research Units - Ispa \u2013 Instituto Universit\u00e1rio","og_description":"Unidades de Investiga\u00e7\u00e3o Ispa - A investiga\u00e7\u00e3o no Ispa \u2013 Instituto Universit\u00e1rio est\u00e1 dividida por quatro unidades de investiga\u00e7\u00e3o, onde todos os nossos docentes desenvolvem a sua atividade cient\u00edfica.","og_url":"https:\/\/www.ispa.pt\/en\/research-units\/","og_site_name":"Ispa \u2013 Instituto Universit\u00e1rio","article_modified_time":"2025-11-03T17:25:20+00:00","twitter_card":"summary_large_image","twitter_misc":{"Est. reading time":"1 minute"},"schema":{"@context":"https:\/\/schema.org","@graph":[{"@type":"WebPage","@id":"https:\/\/www.ispa.pt\/en\/research-units\/","url":"https:\/\/www.ispa.pt\/en\/research-units\/","name":"Research Units - Ispa \u2013 Instituto Universit\u00e1rio","isPartOf":{"@id":"https:\/\/www.ispa.pt\/en\/#website"},"datePublished":"2023-11-28T14:55:04+00:00","dateModified":"2025-11-03T17:25:20+00:00","description":"Unidades de Investiga\u00e7\u00e3o Ispa - A investiga\u00e7\u00e3o no Ispa \u2013 Instituto Universit\u00e1rio est\u00e1 dividida por quatro unidades de investiga\u00e7\u00e3o, onde todos os nossos docentes desenvolvem a sua atividade cient\u00edfica.","breadcrumb":{"@id":"https:\/\/www.ispa.pt\/en\/research-units\/#breadcrumb"},"inLanguage":"en-US","potentialAction":[{"@type":"ReadAction","target":["https:\/\/www.ispa.pt\/en\/research-units\/"]}]},{"@type":"BreadcrumbList","@id":"https:\/\/www.ispa.pt\/en\/research-units\/#breadcrumb","itemListElement":[{"@type":"ListItem","position":1,"name":"Home","item":"https:\/\/www.ispa.pt\/en\/"},{"@type":"ListItem","position":2,"name":"Research Units"}]},{"@type":"WebSite","@id":"https:\/\/www.ispa.pt\/en\/#website","url":"https:\/\/www.ispa.pt\/en\/","name":"Ispa \u2013 Instituto Universit\u00e1rio","description":"Institui\u00e7\u00e3o de refer\u00eancia nas \u00e1reas da Psicologia, Bioci\u00eancia e Educa\u00e7\u00e3o.","publisher":{"@id":"https:\/\/www.ispa.pt\/en\/#organization"},"potentialAction":[{"@type":"SearchAction","target":{"@type":"EntryPoint","urlTemplate":"https:\/\/www.ispa.pt\/en\/?s={search_term_string}"},"query-input":{"@type":"PropertyValueSpecification","valueRequired":true,"valueName":"search_term_string"}}],"inLanguage":"en-US"},{"@type":"Organization","@id":"https:\/\/www.ispa.pt\/en\/#organization","name":"Ispa \u2013 Instituto Universit\u00e1rio","url":"https:\/\/www.ispa.pt\/en\/","logo":{"@type":"ImageObject","inLanguage":"en-US","@id":"https:\/\/www.ispa.pt\/en\/#\/schema\/logo\/image\/","url":"https:\/\/www.ispa.pt\/wp-content\/uploads\/2020\/03\/logo.svg","contentUrl":"https:\/\/www.ispa.pt\/wp-content\/uploads\/2020\/03\/logo.svg","width":206,"height":72,"caption":"Ispa \u2013 Instituto Universit\u00e1rio"},"image":{"@id":"https:\/\/www.ispa.pt\/en\/#\/schema\/logo\/image\/"}}]}},"_links":{"self":[{"href":"https:\/\/www.ispa.pt\/en\/wp-json\/wp\/v2\/pages\/25915","targetHints":{"allow":["GET"]}}],"collection":[{"href":"https:\/\/www.ispa.pt\/en\/wp-json\/wp\/v2\/pages"}],"about":[{"href":"https:\/\/www.ispa.pt\/en\/wp-json\/wp\/v2\/types\/page"}],"author":[{"embeddable":true,"href":"https:\/\/www.ispa.pt\/en\/wp-json\/wp\/v2\/users\/22"}],"replies":[{"embeddable":true,"href":"https:\/\/www.ispa.pt\/en\/wp-json\/wp\/v2\/comments?post=25915"}],"version-history":[{"count":2,"href":"https:\/\/www.ispa.pt\/en\/wp-json\/wp\/v2\/pages\/25915\/revisions"}],"predecessor-version":[{"id":25918,"href":"https:\/\/www.ispa.pt\/en\/wp-json\/wp\/v2\/pages\/25915\/revisions\/25918"}],"wp:attachment":[{"href":"https:\/\/www.ispa.pt\/en\/wp-json\/wp\/v2\/media?parent=25915"}],"curies":[{"name":"wp","href":"https:\/\/api.w.org\/{rel}","templated":true}]}}