{"id":25780,"date":"2021-03-19T15:19:15","date_gmt":"2021-03-19T15:19:15","guid":{"rendered":"https:\/\/www.ispa.pt\/sobre-o-ispa\/"},"modified":"2025-11-04T11:21:02","modified_gmt":"2025-11-04T11:21:02","slug":"about-ispa","status":"publish","type":"page","link":"https:\/\/www.ispa.pt\/en\/about\/the-ispa\/about-ispa\/","title":{"rendered":"About Ispa"},"content":{"rendered":"\n<p>Ispa was founded in 1962 by Catholic religious orders under the original name of the Institute of Psychopedagogical Sciences, having adopted from the outset a pioneering approach aligned with the most progressive ideas of the time. A trailblazer in the teaching and research of Psychology in Portugal, Ispa adopted the name Institute of Applied Psychology in 1964. In 1977, it began operating under the management of a cooperative open to both teaching and non-teaching staff \u2013 a model it continues to follow today.<\/p>\n\n\n\n<p>With an initial academic offering firmly grounded in various branches of Psychology, Ispa was also a pioneer in the teaching and research of animal behaviour in Portugal during the 1980s. It was during this period that it founded the School of Postgraduate Studies and launched at a national level, master\u2019s programmes in the fields of Ethology, Psychoanalytic Psychology, Psychosomatics, and Environmental Psychology. By the end of the 1990s, Ispa had taken decisive steps in the development and promotion of the behavioural sciences in Portugal by establishing networks and partnerships with prestigious European and Brazilian universities and R&amp;D institutions. These collaborations enabled the exchange of students, faculty, and researchers, fostering a broad and enriching experience of knowledge sharing.<\/p>\n\n\n\n<p>In 2009, as a well-established and nationally and internationally recognised institution, Ispa was reclassified as a University Institute following changes to the legal framework governing higher education institutions in Portugal. This change granted Ispa the autonomy to offer bachelor\u2019s degrees (1st cycle), Master\u2019s and Integrated Master\u2019s degrees (2nd cycle), and Doctorates (3rd cycle). Also in 2009, Ispa established its Centre for Biosciences, signalling a clear and successful commitment to the life bachelor\u2019s his strategic move led, in the years that followed, to the creation of new undergraduate and postgraduate programmes in Biology, Bioinformatics, Marine Biology and Conservation, and Behavioural Biology.<\/p>\n\n\n\n<p>With the launch of its Doctorate in Educational Sciences in 2011 \u2013 building on its extensive body of knowledge in this field \u2013 Ispa significantly expanded its academic offer by introducing undergraduate degrees in Basic Education and master\u2019s degrees in Teacher Training. This development added value and contributed to the enhancement of a field that has assumed growing importance as a key pillar in the country\u2019s development.<\/p>\n\n\n\n<p>The excellence of Ispa\u2019s Educational, Scientific, and Cultural Project has been a hallmark of its more than 60-year history, characterised by continuous institutional growth, public recognition, and meaningful societal impact.<\/p>\n\n\n\n<p>Its history, highly qualified academic staff, ongoing investment in scientific research, knowledge transfer and engagement with society, promotion of cultural life, and vibrant academic community make Ispa the right place to dare to go further.<\/p>\n\n\n\n<p><\/p>\n\n\n\n<p>ISPA \u2013 Sapere Aude | Dare to Know<\/p>\n\n\n\n<p class=\"has-small-font-size\">(insignia ISPA)<\/p>\n","protected":false},"excerpt":{"rendered":"Ispa was founded in 1962 by Catholic religious orders under the original name of the Institute of Psychopedagogical Sciences, having adopted from the outset a pioneering approach aligned with the most progressive ideas of the time. A trailblazer in the teaching and research of Psychology in Portugal, Ispa adopted the name Institute of Applied Psychology&#8230;","protected":false},"author":2,"featured_media":0,"parent":26088,"menu_order":50,"comment_status":"closed","ping_status":"closed","template":"","meta":{"_acf_changed":false,"inline_featured_image":false,"_monsterinsights_skip_tracking":false,"_monsterinsights_sitenote_active":false,"_monsterinsights_sitenote_note":"","_monsterinsights_sitenote_category":0,"_uf_show_specific_survey":0,"_uf_disable_surveys":false,"footnotes":""},"class_list":["post-25780","page","type-page","status-publish","hentry"],"acf":[],"yoast_head":"<!-- This site is optimized with the Yoast SEO plugin v26.1.1 - https:\/\/yoast.com\/wordpress\/plugins\/seo\/ -->\n<title>About Ispa - Ispa \u2013 Instituto Universit\u00e1rio<\/title>\n<meta name=\"description\" content=\"Saiba toda a hist\u00f3ria sobre o ISPA, fundado em 1962 e pioneiro no ensino e investiga\u00e7\u00e3o da Psicologia em Portugal!\" \/>\n<meta name=\"robots\" content=\"index, follow, max-snippet:-1, max-image-preview:large, max-video-preview:-1\" \/>\n<link rel=\"canonical\" href=\"https:\/\/www.ispa.pt\/en\/about\/the-ispa\/about-ispa\/\" \/>\n<meta property=\"og:locale\" content=\"en_US\" \/>\n<meta property=\"og:type\" content=\"article\" \/>\n<meta property=\"og:title\" content=\"About Ispa - Ispa \u2013 Instituto Universit\u00e1rio\" \/>\n<meta property=\"og:description\" content=\"Saiba toda a hist\u00f3ria sobre o ISPA, fundado em 1962 e pioneiro no ensino e investiga\u00e7\u00e3o da Psicologia em Portugal!\" \/>\n<meta property=\"og:url\" content=\"https:\/\/www.ispa.pt\/en\/about\/the-ispa\/about-ispa\/\" \/>\n<meta property=\"og:site_name\" content=\"Ispa \u2013 Instituto Universit\u00e1rio\" \/>\n<meta property=\"article:modified_time\" content=\"2025-11-04T11:21:02+00:00\" \/>\n<meta name=\"twitter:card\" content=\"summary_large_image\" \/>\n<meta name=\"twitter:label1\" content=\"Est. reading time\" \/>\n\t<meta name=\"twitter:data1\" content=\"3 minutes\" \/>\n<script type=\"application\/ld+json\" class=\"yoast-schema-graph\">{\"@context\":\"https:\/\/schema.org\",\"@graph\":[{\"@type\":\"WebPage\",\"@id\":\"https:\/\/www.ispa.pt\/en\/about\/the-ispa\/about-ispa\/\",\"url\":\"https:\/\/www.ispa.pt\/en\/about\/the-ispa\/about-ispa\/\",\"name\":\"About Ispa - Ispa \u2013 Instituto Universit\u00e1rio\",\"isPartOf\":{\"@id\":\"https:\/\/www.ispa.pt\/en\/#website\"},\"datePublished\":\"2021-03-19T15:19:15+00:00\",\"dateModified\":\"2025-11-04T11:21:02+00:00\",\"description\":\"Saiba toda a hist\u00f3ria sobre o ISPA, fundado em 1962 e pioneiro no ensino e investiga\u00e7\u00e3o da Psicologia em Portugal!\",\"breadcrumb\":{\"@id\":\"https:\/\/www.ispa.pt\/en\/about\/the-ispa\/about-ispa\/#breadcrumb\"},\"inLanguage\":\"en-US\",\"potentialAction\":[{\"@type\":\"ReadAction\",\"target\":[\"https:\/\/www.ispa.pt\/en\/about\/the-ispa\/about-ispa\/\"]}]},{\"@type\":\"BreadcrumbList\",\"@id\":\"https:\/\/www.ispa.pt\/en\/about\/the-ispa\/about-ispa\/#breadcrumb\",\"itemListElement\":[{\"@type\":\"ListItem\",\"position\":1,\"name\":\"Home\",\"item\":\"https:\/\/www.ispa.pt\/en\/\"},{\"@type\":\"ListItem\",\"position\":2,\"name\":\"About\",\"item\":\"https:\/\/www.ispa.pt\/en\/about\/\"},{\"@type\":\"ListItem\",\"position\":3,\"name\":\"THE ISPA\",\"item\":\"https:\/\/www.ispa.pt\/en\/about\/the-ispa\/\"},{\"@type\":\"ListItem\",\"position\":4,\"name\":\"About Ispa\"}]},{\"@type\":\"WebSite\",\"@id\":\"https:\/\/www.ispa.pt\/en\/#website\",\"url\":\"https:\/\/www.ispa.pt\/en\/\",\"name\":\"Ispa \u2013 Instituto Universit\u00e1rio\",\"description\":\"Institui\u00e7\u00e3o de refer\u00eancia nas \u00e1reas da Psicologia, Bioci\u00eancia e Educa\u00e7\u00e3o.\",\"publisher\":{\"@id\":\"https:\/\/www.ispa.pt\/en\/#organization\"},\"potentialAction\":[{\"@type\":\"SearchAction\",\"target\":{\"@type\":\"EntryPoint\",\"urlTemplate\":\"https:\/\/www.ispa.pt\/en\/?s={search_term_string}\"},\"query-input\":{\"@type\":\"PropertyValueSpecification\",\"valueRequired\":true,\"valueName\":\"search_term_string\"}}],\"inLanguage\":\"en-US\"},{\"@type\":\"Organization\",\"@id\":\"https:\/\/www.ispa.pt\/en\/#organization\",\"name\":\"Ispa \u2013 Instituto Universit\u00e1rio\",\"url\":\"https:\/\/www.ispa.pt\/en\/\",\"logo\":{\"@type\":\"ImageObject\",\"inLanguage\":\"en-US\",\"@id\":\"https:\/\/www.ispa.pt\/en\/#\/schema\/logo\/image\/\",\"url\":\"https:\/\/www.ispa.pt\/wp-content\/uploads\/2020\/03\/logo.svg\",\"contentUrl\":\"https:\/\/www.ispa.pt\/wp-content\/uploads\/2020\/03\/logo.svg\",\"width\":206,\"height\":72,\"caption\":\"Ispa \u2013 Instituto Universit\u00e1rio\"},\"image\":{\"@id\":\"https:\/\/www.ispa.pt\/en\/#\/schema\/logo\/image\/\"}}]}<\/script>\n<!-- \/ Yoast SEO plugin. -->","yoast_head_json":{"title":"About Ispa - Ispa \u2013 Instituto Universit\u00e1rio","description":"Saiba toda a hist\u00f3ria sobre o ISPA, fundado em 1962 e pioneiro no ensino e investiga\u00e7\u00e3o da Psicologia em Portugal!","robots":{"index":"index","follow":"follow","max-snippet":"max-snippet:-1","max-image-preview":"max-image-preview:large","max-video-preview":"max-video-preview:-1"},"canonical":"https:\/\/www.ispa.pt\/en\/about\/the-ispa\/about-ispa\/","og_locale":"en_US","og_type":"article","og_title":"About Ispa - Ispa \u2013 Instituto Universit\u00e1rio","og_description":"Saiba toda a hist\u00f3ria sobre o ISPA, fundado em 1962 e pioneiro no ensino e investiga\u00e7\u00e3o da Psicologia em Portugal!","og_url":"https:\/\/www.ispa.pt\/en\/about\/the-ispa\/about-ispa\/","og_site_name":"Ispa \u2013 Instituto Universit\u00e1rio","article_modified_time":"2025-11-04T11:21:02+00:00","twitter_card":"summary_large_image","twitter_misc":{"Est. reading time":"3 minutes"},"schema":{"@context":"https:\/\/schema.org","@graph":[{"@type":"WebPage","@id":"https:\/\/www.ispa.pt\/en\/about\/the-ispa\/about-ispa\/","url":"https:\/\/www.ispa.pt\/en\/about\/the-ispa\/about-ispa\/","name":"About Ispa - Ispa \u2013 Instituto Universit\u00e1rio","isPartOf":{"@id":"https:\/\/www.ispa.pt\/en\/#website"},"datePublished":"2021-03-19T15:19:15+00:00","dateModified":"2025-11-04T11:21:02+00:00","description":"Saiba toda a hist\u00f3ria sobre o ISPA, fundado em 1962 e pioneiro no ensino e investiga\u00e7\u00e3o da Psicologia em Portugal!","breadcrumb":{"@id":"https:\/\/www.ispa.pt\/en\/about\/the-ispa\/about-ispa\/#breadcrumb"},"inLanguage":"en-US","potentialAction":[{"@type":"ReadAction","target":["https:\/\/www.ispa.pt\/en\/about\/the-ispa\/about-ispa\/"]}]},{"@type":"BreadcrumbList","@id":"https:\/\/www.ispa.pt\/en\/about\/the-ispa\/about-ispa\/#breadcrumb","itemListElement":[{"@type":"ListItem","position":1,"name":"Home","item":"https:\/\/www.ispa.pt\/en\/"},{"@type":"ListItem","position":2,"name":"About","item":"https:\/\/www.ispa.pt\/en\/about\/"},{"@type":"ListItem","position":3,"name":"THE ISPA","item":"https:\/\/www.ispa.pt\/en\/about\/the-ispa\/"},{"@type":"ListItem","position":4,"name":"About Ispa"}]},{"@type":"WebSite","@id":"https:\/\/www.ispa.pt\/en\/#website","url":"https:\/\/www.ispa.pt\/en\/","name":"Ispa \u2013 Instituto Universit\u00e1rio","description":"Institui\u00e7\u00e3o de refer\u00eancia nas \u00e1reas da Psicologia, Bioci\u00eancia e Educa\u00e7\u00e3o.","publisher":{"@id":"https:\/\/www.ispa.pt\/en\/#organization"},"potentialAction":[{"@type":"SearchAction","target":{"@type":"EntryPoint","urlTemplate":"https:\/\/www.ispa.pt\/en\/?s={search_term_string}"},"query-input":{"@type":"PropertyValueSpecification","valueRequired":true,"valueName":"search_term_string"}}],"inLanguage":"en-US"},{"@type":"Organization","@id":"https:\/\/www.ispa.pt\/en\/#organization","name":"Ispa \u2013 Instituto Universit\u00e1rio","url":"https:\/\/www.ispa.pt\/en\/","logo":{"@type":"ImageObject","inLanguage":"en-US","@id":"https:\/\/www.ispa.pt\/en\/#\/schema\/logo\/image\/","url":"https:\/\/www.ispa.pt\/wp-content\/uploads\/2020\/03\/logo.svg","contentUrl":"https:\/\/www.ispa.pt\/wp-content\/uploads\/2020\/03\/logo.svg","width":206,"height":72,"caption":"Ispa \u2013 Instituto Universit\u00e1rio"},"image":{"@id":"https:\/\/www.ispa.pt\/en\/#\/schema\/logo\/image\/"}}]}},"_links":{"self":[{"href":"https:\/\/www.ispa.pt\/en\/wp-json\/wp\/v2\/pages\/25780","targetHints":{"allow":["GET"]}}],"collection":[{"href":"https:\/\/www.ispa.pt\/en\/wp-json\/wp\/v2\/pages"}],"about":[{"href":"https:\/\/www.ispa.pt\/en\/wp-json\/wp\/v2\/types\/page"}],"author":[{"embeddable":true,"href":"https:\/\/www.ispa.pt\/en\/wp-json\/wp\/v2\/users\/2"}],"replies":[{"embeddable":true,"href":"https:\/\/www.ispa.pt\/en\/wp-json\/wp\/v2\/comments?post=25780"}],"version-history":[{"count":2,"href":"https:\/\/www.ispa.pt\/en\/wp-json\/wp\/v2\/pages\/25780\/revisions"}],"predecessor-version":[{"id":25782,"href":"https:\/\/www.ispa.pt\/en\/wp-json\/wp\/v2\/pages\/25780\/revisions\/25782"}],"up":[{"embeddable":true,"href":"https:\/\/www.ispa.pt\/en\/wp-json\/wp\/v2\/pages\/26088"}],"wp:attachment":[{"href":"https:\/\/www.ispa.pt\/en\/wp-json\/wp\/v2\/media?parent=25780"}],"curies":[{"name":"wp","href":"https:\/\/api.w.org\/{rel}","templated":true}]}}